{"id":1107,"date":"2019-11-12T11:00:32","date_gmt":"2019-11-12T10:00:32","guid":{"rendered":"https:\/\/grancanaria.eleusal.com\/?page_id=1107"},"modified":"2023-02-28T18:30:26","modified_gmt":"2023-02-28T17:30:26","slug":"actividades-de-ocio-en-gran-canaria","status":"publish","type":"page","link":"https:\/\/grancanaria.eleusal.com\/es\/actividades-de-ocio-en-gran-canaria\/","title":{"rendered":"Actividades de ocio"},"content":{"rendered":"<p>[vc_row css_animation=\u00bb\u00bb row_type=\u00bbrow\u00bb use_row_as_full_screen_section=\u00bbno\u00bb type=\u00bbgrid\u00bb header_style=\u00bbdark\u00bb angled_section=\u00bbno\u00bb text_align=\u00bbleft\u00bb background_image_as_pattern=\u00bbwithout_pattern\u00bb row_negative_margin=\u00bbdisable_negative_margin\u00bb css=\u00bb.vc_custom_1560507516450{padding-top: 80px !important;padding-bottom: 80px !important;background-color: #f6f7fb !important;}\u00bb z_index=\u00bb\u00bb][vc_column][vc_column_text]<strong>\u00a1Divi\u00e9rtete aprendiendo espa\u00f1ol en Gran Canaria!<\/strong> Asiste cada semana a nuestras actividades socioculturales mientras aprendes espa\u00f1ol en nuestra escuela. Para aprender espa\u00f1ol debes poner en pr\u00e1ctica los conocimientos que adquieres en clase, y la mejor forma es participar en nuestras actividades socioculturales. Podr\u00e1s conocer mejor a tus compa\u00f1eros de clase mientras practicas espa\u00f1ol en entornos reales y cotidianos. Con estas actividades podr\u00e1s aprender sobre las costumbres y la historia de Espa\u00f1a al mismo tiempo que haces amigos. Estas son nuestras principales actividades gratuitas incluidas en nuestros cursos:<\/p>\n<p>&nbsp;<\/p>\n<ul>\n<li><strong>Visitas guiadas<\/strong>\u00a0por el centro de la ciudad (Casco antiguo de Vegueta, Triana, Paseo de Las Canteras)<\/li>\n<li><strong>Eventos culturales<\/strong>\u00a0(Rutaviva de la playa de Las Canteras y La Cicer, cine, carnaval, teatro, etc.)<\/li>\n<li><strong>Actividades gastron\u00f3micas<\/strong>\u00a0(ruta de tapas, cata de cervezas, mercado de Vegueta).<\/li>\n<li><strong>Proyecci\u00f3n de pel\u00edculas<\/strong>\u00a0en versi\u00f3n original.<\/li>\n<li><strong>Visitas a monumentos<\/strong>\u00a0(Museo Canario, Museo de Col\u00f3n, Catedral de Santa Ana).<\/li>\n<\/ul>\n<p>&nbsp;<\/p>\n<p>Ten en cuenta que a 15 minutos de nuestra escuela se encuentran la playa de Las Canteras y la playa de La Cicer, considerada una de las mejores playas para aprender a hacer surf debido a la calidad de sus olas y su f\u00e1cil acceso. Adem\u00e1s, tambi\u00e9n podr\u00e1s practicar submarinismo, kayak y mucho m\u00e1s.<\/p>\n<p>&nbsp;<\/p>\n<p><img loading=\"lazy\" decoding=\"async\" class=\"alignnone wp-image-2760 size-full\" src=\"https:\/\/grancanaria.eleusal.com\/wp-content\/uploads\/sites\/13\/2019\/09\/Jet.jpg\" alt=\"\" width=\"683\" height=\"800\" srcset=\"https:\/\/grancanaria.eleusal.com\/wp-content\/uploads\/sites\/13\/2019\/09\/Jet.jpg 683w, https:\/\/grancanaria.eleusal.com\/wp-content\/uploads\/sites\/13\/2019\/09\/Jet-256x300.jpg 256w\" sizes=\"auto, (max-width: 683px) 100vw, 683px\" \/><\/p>\n<p><img loading=\"lazy\" decoding=\"async\" class=\"wp-image-1068 size-full\" src=\"https:\/\/grancanaria.eleusal.com\/wp-content\/uploads\/sites\/13\/2019\/10\/1.3MB.jpg\" alt=\"\" width=\"4368\" height=\"2912\" srcset=\"https:\/\/grancanaria.eleusal.com\/wp-content\/uploads\/sites\/13\/2019\/10\/1.3MB.jpg 4368w, https:\/\/grancanaria.eleusal.com\/wp-content\/uploads\/sites\/13\/2019\/10\/1.3MB-300x200.jpg 300w, https:\/\/grancanaria.eleusal.com\/wp-content\/uploads\/sites\/13\/2019\/10\/1.3MB-768x512.jpg 768w, https:\/\/grancanaria.eleusal.com\/wp-content\/uploads\/sites\/13\/2019\/10\/1.3MB-1024x683.jpg 1024w, https:\/\/grancanaria.eleusal.com\/wp-content\/uploads\/sites\/13\/2019\/10\/1.3MB-700x467.jpg 700w, https:\/\/grancanaria.eleusal.com\/wp-content\/uploads\/sites\/13\/2019\/10\/1.3MB-600x400.jpg 600w\" sizes=\"auto, (max-width: 4368px) 100vw, 4368px\" \/>[\/vc_column_text][\/vc_column][\/vc_row]<\/p>\n","protected":false},"excerpt":{"rendered":"<p>[vc_row css_animation=\u00bb\u00bb row_type=\u00bbrow\u00bb use_row_as_full_screen_section=\u00bbno\u00bb type=\u00bbgrid\u00bb header_style=\u00bbdark\u00bb angled_section=\u00bbno\u00bb text_align=\u00bbleft\u00bb background_image_as_pattern=\u00bbwithout_pattern\u00bb row_negative_margin=\u00bbdisable_negative_margin\u00bb css=\u00bb.vc_custom_1560507516450{padding-top: 80px !important;padding-bottom: 80px !important;background-color: #f6f7fb !important;}\u00bb z_index=\u00bb\u00bb][vc_column][vc_column_text]\u00a1Divi\u00e9rtete aprendiendo espa\u00f1ol en Gran Canaria! Asiste cada semana a nuestras actividades socioculturales mientras aprendes espa\u00f1ol en nuestra escuela. Para aprender espa\u00f1ol debes poner en pr\u00e1ctica los conocimientos&#8230;<\/p>\n","protected":false},"author":3,"featured_media":0,"parent":0,"menu_order":0,"comment_status":"closed","ping_status":"closed","template":"full_width.php","meta":{"footnotes":""},"class_list":["post-1107","page","type-page","status-publish","hentry"],"yoast_head":"<!-- This site is optimized with the Yoast SEO plugin v24.2 - https:\/\/yoast.com\/wordpress\/plugins\/seo\/ -->\n<title>Actividades de ocio - ELE USAL Gran Canaria<\/title>\n<meta name=\"robots\" content=\"index, follow, max-snippet:-1, max-image-preview:large, max-video-preview:-1\" \/>\n<link rel=\"canonical\" href=\"https:\/\/grancanaria.eleusal.com\/es\/actividades-de-ocio-en-gran-canaria\/\" \/>\n<meta property=\"og:locale\" content=\"es_ES\" \/>\n<meta property=\"og:type\" content=\"article\" \/>\n<meta property=\"og:title\" content=\"Actividades de ocio - ELE USAL Gran Canaria\" \/>\n<meta property=\"og:description\" content=\"[vc_row css_animation=\u00bb\u00bb row_type=\u00bbrow\u00bb use_row_as_full_screen_section=\u00bbno\u00bb type=\u00bbgrid\u00bb header_style=\u00bbdark\u00bb angled_section=\u00bbno\u00bb text_align=\u00bbleft\u00bb background_image_as_pattern=\u00bbwithout_pattern\u00bb row_negative_margin=\u00bbdisable_negative_margin\u00bb css=\u00bb.vc_custom_1560507516450{padding-top: 80px !important;padding-bottom: 80px !important;background-color: #f6f7fb !important;}\u00bb z_index=\u00bb\u00bb][vc_column][vc_column_text]\u00a1Divi\u00e9rtete aprendiendo espa\u00f1ol en Gran Canaria! Asiste cada semana a nuestras actividades socioculturales mientras aprendes espa\u00f1ol en nuestra escuela. Para aprender espa\u00f1ol debes poner en pr\u00e1ctica los conocimientos...\" \/>\n<meta property=\"og:url\" content=\"https:\/\/grancanaria.eleusal.com\/es\/actividades-de-ocio-en-gran-canaria\/\" \/>\n<meta property=\"og:site_name\" content=\"ELE USAL Gran Canaria\" \/>\n<meta property=\"article:publisher\" content=\"https:\/\/www.facebook.com\/eleusalgrancanaria\/\" \/>\n<meta property=\"article:modified_time\" content=\"2023-02-28T17:30:26+00:00\" \/>\n<meta property=\"og:image\" content=\"https:\/\/grancanaria.eleusal.com\/wp-content\/uploads\/sites\/13\/2019\/09\/Jet.jpg\" \/>\n<meta name=\"twitter:card\" content=\"summary_large_image\" \/>\n<meta name=\"twitter:site\" content=\"@usal_ele\" \/>\n<meta name=\"twitter:label1\" content=\"Tiempo de lectura\" \/>\n\t<meta name=\"twitter:data1\" content=\"1 minuto\" \/>\n<script type=\"application\/ld+json\" class=\"yoast-schema-graph\">{\"@context\":\"https:\/\/schema.org\",\"@graph\":[{\"@type\":\"WebPage\",\"@id\":\"https:\/\/grancanaria.eleusal.com\/es\/actividades-de-ocio-en-gran-canaria\/\",\"url\":\"https:\/\/grancanaria.eleusal.com\/es\/actividades-de-ocio-en-gran-canaria\/\",\"name\":\"Actividades de ocio - ELE USAL Gran Canaria\",\"isPartOf\":{\"@id\":\"https:\/\/grancanaria.eleusal.com\/#website\"},\"primaryImageOfPage\":{\"@id\":\"https:\/\/grancanaria.eleusal.com\/es\/actividades-de-ocio-en-gran-canaria\/#primaryimage\"},\"image\":{\"@id\":\"https:\/\/grancanaria.eleusal.com\/es\/actividades-de-ocio-en-gran-canaria\/#primaryimage\"},\"thumbnailUrl\":\"https:\/\/grancanaria.eleusal.com\/wp-content\/uploads\/sites\/13\/2019\/09\/Jet.jpg\",\"datePublished\":\"2019-11-12T10:00:32+00:00\",\"dateModified\":\"2023-02-28T17:30:26+00:00\",\"breadcrumb\":{\"@id\":\"https:\/\/grancanaria.eleusal.com\/es\/actividades-de-ocio-en-gran-canaria\/#breadcrumb\"},\"inLanguage\":\"es\",\"potentialAction\":[{\"@type\":\"ReadAction\",\"target\":[\"https:\/\/grancanaria.eleusal.com\/es\/actividades-de-ocio-en-gran-canaria\/\"]}]},{\"@type\":\"ImageObject\",\"inLanguage\":\"es\",\"@id\":\"https:\/\/grancanaria.eleusal.com\/es\/actividades-de-ocio-en-gran-canaria\/#primaryimage\",\"url\":\"https:\/\/grancanaria.eleusal.com\/wp-content\/uploads\/sites\/13\/2019\/09\/Jet.jpg\",\"contentUrl\":\"https:\/\/grancanaria.eleusal.com\/wp-content\/uploads\/sites\/13\/2019\/09\/Jet.jpg\"},{\"@type\":\"BreadcrumbList\",\"@id\":\"https:\/\/grancanaria.eleusal.com\/es\/actividades-de-ocio-en-gran-canaria\/#breadcrumb\",\"itemListElement\":[{\"@type\":\"ListItem\",\"position\":1,\"name\":\"Home\",\"item\":\"https:\/\/grancanaria.eleusal.com\/es\/\"},{\"@type\":\"ListItem\",\"position\":2,\"name\":\"Actividades de ocio\"}]},{\"@type\":\"WebSite\",\"@id\":\"https:\/\/grancanaria.eleusal.com\/#website\",\"url\":\"https:\/\/grancanaria.eleusal.com\/\",\"name\":\"ELE USAL Gran Canaria\",\"description\":\"ELE USAL\",\"publisher\":{\"@id\":\"https:\/\/grancanaria.eleusal.com\/#organization\"},\"potentialAction\":[{\"@type\":\"SearchAction\",\"target\":{\"@type\":\"EntryPoint\",\"urlTemplate\":\"https:\/\/grancanaria.eleusal.com\/?s={search_term_string}\"},\"query-input\":{\"@type\":\"PropertyValueSpecification\",\"valueRequired\":true,\"valueName\":\"search_term_string\"}}],\"inLanguage\":\"es\"},{\"@type\":\"Organization\",\"@id\":\"https:\/\/grancanaria.eleusal.com\/#organization\",\"name\":\"ELE USAL Gran Canaria\",\"url\":\"https:\/\/grancanaria.eleusal.com\/\",\"logo\":{\"@type\":\"ImageObject\",\"inLanguage\":\"es\",\"@id\":\"https:\/\/grancanaria.eleusal.com\/#\/schema\/logo\/image\/\",\"url\":\"https:\/\/grancanaria.eleusal.com\/wp-content\/uploads\/sites\/13\/2019\/10\/ELE-USAL-GranCanaria.png\",\"contentUrl\":\"https:\/\/grancanaria.eleusal.com\/wp-content\/uploads\/sites\/13\/2019\/10\/ELE-USAL-GranCanaria.png\",\"width\":909,\"height\":45,\"caption\":\"ELE USAL Gran Canaria\"},\"image\":{\"@id\":\"https:\/\/grancanaria.eleusal.com\/#\/schema\/logo\/image\/\"},\"sameAs\":[\"https:\/\/www.facebook.com\/eleusalgrancanaria\/\",\"https:\/\/x.com\/usal_ele\",\"https:\/\/www.instagram.com\/p\/CDBJYbNiPPu\/\"]}]}<\/script>\n<!-- \/ Yoast SEO plugin. -->","yoast_head_json":{"title":"Actividades de ocio - ELE USAL Gran Canaria","robots":{"index":"index","follow":"follow","max-snippet":"max-snippet:-1","max-image-preview":"max-image-preview:large","max-video-preview":"max-video-preview:-1"},"canonical":"https:\/\/grancanaria.eleusal.com\/es\/actividades-de-ocio-en-gran-canaria\/","og_locale":"es_ES","og_type":"article","og_title":"Actividades de ocio - ELE USAL Gran Canaria","og_description":"[vc_row css_animation=\u00bb\u00bb row_type=\u00bbrow\u00bb use_row_as_full_screen_section=\u00bbno\u00bb type=\u00bbgrid\u00bb header_style=\u00bbdark\u00bb angled_section=\u00bbno\u00bb text_align=\u00bbleft\u00bb background_image_as_pattern=\u00bbwithout_pattern\u00bb row_negative_margin=\u00bbdisable_negative_margin\u00bb css=\u00bb.vc_custom_1560507516450{padding-top: 80px !important;padding-bottom: 80px !important;background-color: #f6f7fb !important;}\u00bb z_index=\u00bb\u00bb][vc_column][vc_column_text]\u00a1Divi\u00e9rtete aprendiendo espa\u00f1ol en Gran Canaria! Asiste cada semana a nuestras actividades socioculturales mientras aprendes espa\u00f1ol en nuestra escuela. Para aprender espa\u00f1ol debes poner en pr\u00e1ctica los conocimientos...","og_url":"https:\/\/grancanaria.eleusal.com\/es\/actividades-de-ocio-en-gran-canaria\/","og_site_name":"ELE USAL Gran Canaria","article_publisher":"https:\/\/www.facebook.com\/eleusalgrancanaria\/","article_modified_time":"2023-02-28T17:30:26+00:00","og_image":[{"url":"https:\/\/grancanaria.eleusal.com\/wp-content\/uploads\/sites\/13\/2019\/09\/Jet.jpg","type":"","width":"","height":""}],"twitter_card":"summary_large_image","twitter_site":"@usal_ele","twitter_misc":{"Tiempo de lectura":"1 minuto"},"schema":{"@context":"https:\/\/schema.org","@graph":[{"@type":"WebPage","@id":"https:\/\/grancanaria.eleusal.com\/es\/actividades-de-ocio-en-gran-canaria\/","url":"https:\/\/grancanaria.eleusal.com\/es\/actividades-de-ocio-en-gran-canaria\/","name":"Actividades de ocio - ELE USAL Gran Canaria","isPartOf":{"@id":"https:\/\/grancanaria.eleusal.com\/#website"},"primaryImageOfPage":{"@id":"https:\/\/grancanaria.eleusal.com\/es\/actividades-de-ocio-en-gran-canaria\/#primaryimage"},"image":{"@id":"https:\/\/grancanaria.eleusal.com\/es\/actividades-de-ocio-en-gran-canaria\/#primaryimage"},"thumbnailUrl":"https:\/\/grancanaria.eleusal.com\/wp-content\/uploads\/sites\/13\/2019\/09\/Jet.jpg","datePublished":"2019-11-12T10:00:32+00:00","dateModified":"2023-02-28T17:30:26+00:00","breadcrumb":{"@id":"https:\/\/grancanaria.eleusal.com\/es\/actividades-de-ocio-en-gran-canaria\/#breadcrumb"},"inLanguage":"es","potentialAction":[{"@type":"ReadAction","target":["https:\/\/grancanaria.eleusal.com\/es\/actividades-de-ocio-en-gran-canaria\/"]}]},{"@type":"ImageObject","inLanguage":"es","@id":"https:\/\/grancanaria.eleusal.com\/es\/actividades-de-ocio-en-gran-canaria\/#primaryimage","url":"https:\/\/grancanaria.eleusal.com\/wp-content\/uploads\/sites\/13\/2019\/09\/Jet.jpg","contentUrl":"https:\/\/grancanaria.eleusal.com\/wp-content\/uploads\/sites\/13\/2019\/09\/Jet.jpg"},{"@type":"BreadcrumbList","@id":"https:\/\/grancanaria.eleusal.com\/es\/actividades-de-ocio-en-gran-canaria\/#breadcrumb","itemListElement":[{"@type":"ListItem","position":1,"name":"Home","item":"https:\/\/grancanaria.eleusal.com\/es\/"},{"@type":"ListItem","position":2,"name":"Actividades de ocio"}]},{"@type":"WebSite","@id":"https:\/\/grancanaria.eleusal.com\/#website","url":"https:\/\/grancanaria.eleusal.com\/","name":"ELE USAL Gran Canaria","description":"ELE USAL","publisher":{"@id":"https:\/\/grancanaria.eleusal.com\/#organization"},"potentialAction":[{"@type":"SearchAction","target":{"@type":"EntryPoint","urlTemplate":"https:\/\/grancanaria.eleusal.com\/?s={search_term_string}"},"query-input":{"@type":"PropertyValueSpecification","valueRequired":true,"valueName":"search_term_string"}}],"inLanguage":"es"},{"@type":"Organization","@id":"https:\/\/grancanaria.eleusal.com\/#organization","name":"ELE USAL Gran Canaria","url":"https:\/\/grancanaria.eleusal.com\/","logo":{"@type":"ImageObject","inLanguage":"es","@id":"https:\/\/grancanaria.eleusal.com\/#\/schema\/logo\/image\/","url":"https:\/\/grancanaria.eleusal.com\/wp-content\/uploads\/sites\/13\/2019\/10\/ELE-USAL-GranCanaria.png","contentUrl":"https:\/\/grancanaria.eleusal.com\/wp-content\/uploads\/sites\/13\/2019\/10\/ELE-USAL-GranCanaria.png","width":909,"height":45,"caption":"ELE USAL Gran Canaria"},"image":{"@id":"https:\/\/grancanaria.eleusal.com\/#\/schema\/logo\/image\/"},"sameAs":["https:\/\/www.facebook.com\/eleusalgrancanaria\/","https:\/\/x.com\/usal_ele","https:\/\/www.instagram.com\/p\/CDBJYbNiPPu\/"]}]}},"_links":{"self":[{"href":"https:\/\/grancanaria.eleusal.com\/es\/wp-json\/wp\/v2\/pages\/1107","targetHints":{"allow":["GET"]}}],"collection":[{"href":"https:\/\/grancanaria.eleusal.com\/es\/wp-json\/wp\/v2\/pages"}],"about":[{"href":"https:\/\/grancanaria.eleusal.com\/es\/wp-json\/wp\/v2\/types\/page"}],"author":[{"embeddable":true,"href":"https:\/\/grancanaria.eleusal.com\/es\/wp-json\/wp\/v2\/users\/3"}],"replies":[{"embeddable":true,"href":"https:\/\/grancanaria.eleusal.com\/es\/wp-json\/wp\/v2\/comments?post=1107"}],"version-history":[{"count":6,"href":"https:\/\/grancanaria.eleusal.com\/es\/wp-json\/wp\/v2\/pages\/1107\/revisions"}],"predecessor-version":[{"id":5651,"href":"https:\/\/grancanaria.eleusal.com\/es\/wp-json\/wp\/v2\/pages\/1107\/revisions\/5651"}],"wp:attachment":[{"href":"https:\/\/grancanaria.eleusal.com\/es\/wp-json\/wp\/v2\/media?parent=1107"}],"curies":[{"name":"wp","href":"https:\/\/api.w.org\/{rel}","templated":true}]}}